{"id":28,"date":"2014-08-15T21:14:31","date_gmt":"2014-08-15T19:14:31","guid":{"rendered":"http:\/\/www.carolinemarquetant.at\/systemischepsychotherapie\/?page_id=28"},"modified":"2020-12-25T00:00:55","modified_gmt":"2020-12-24T22:00:55","slug":"systemische-familientherapie","status":"publish","type":"page","link":"http:\/\/www.carolinemarquetant.at\/systemischepsychotherapie\/?page_id=28","title":{"rendered":"Methode"},"content":{"rendered":"<p><strong>Systemische Familientherapie<\/strong> ist ein ressourcen- und l\u00f6sungsorientiertes, psychotherapeutisches Verfahren, dessen Schwerpunkt auf dem sozialen Kontext psychischer Symptomatik, insbesondere auf Interaktionen zwischen Mitgliedern der Familie und deren sozialer Umwelt sowie der Interaktion und &#8222;Beziehung&#8220; eigener &#8222;innerer Anteile&#8220; zueinander liegt. In Abgrenzung zur Psychoanalyse betonen Vertreter dieser Therapierichtung die Bedeutung impliziter Normen des Zusammenlebens f\u00fcr das Zustandekommen und die \u00dcberwindung psychischer St\u00f6rungen (Familienregeln).<sup>\u00a0<\/sup> Die Systemische Therapie unterscheidet sich nach Angaben deren Vertreter dadurch, dass weitere Mitglieder des f\u00fcr den Patienten relevanten sozialen Umfeldes in die Behandlung mit einbezogen werden k\u00f6nnen.<br \/>\n<\/br><br \/>\nIm Gegensatz zu den klassischen tiefenpsychologischen Schulen, die jeweils einen Gr\u00fcnder und ein Zentrum hatten, hat die systemische Therapie viele Gr\u00fcndungsorte, einige M\u00fctter und viele V\u00e4ter. Grundlagen des systemischen Ansatzes sind die Systemtheorie und der Konstruktivismus.<br \/>\n<\/br><br \/>\nDer historisch aus der Familientherapie entwickelte Ansatz sieht das famili\u00e4re System bzw. das organisatorische System eines Unternehmens als Ressource, auf dem aufbauend das einzelne Mitglied sowohl seine F\u00e4higkeiten und St\u00e4rken als auch Verhaltensst\u00f6rungen entwickeln kann. Dies kann sich beispielsweise in typischen privaten Konflikten mit dem Partner oder in immer wiederkehrenden Problemen mit Kunden oder Kollegen zeigen.<br \/>\n<\/br><br \/>\nDie Weiterentwicklungen zur Systemischen Therapie kennen bis heute keine dezidierte St\u00f6rungslehre \u2013 eine Diagnostik von \u201eSt\u00f6rungen\u201c oder gar \u201epsychischen Krankheiten\u201c wird samt traditionellen Psychopathologie-Konzeptionen gr\u00f6\u00dftenteils explizit als inad\u00e4quat abgelehnt. In der Systemischen Therapie werden soziale oder psychische Auff\u00e4lligkeiten nicht als \u201ekrank\u201c bzw. pathologisch, sondern als prinzipiell verstehbare Reaktion auf Probleme oder Anforderungen gesehen, die gelegentlich selbst problematisch sein k\u00f6nnen.<\/p>\n","protected":false},"excerpt":{"rendered":"<p>Systemische Familientherapie ist ein ressourcen- und l\u00f6sungsorientiertes, psychotherapeutisches Verfahren, dessen Schwerpunkt auf dem sozialen Kontext psychischer Symptomatik, insbesondere auf Interaktionen zwischen Mitgliedern der Familie und deren sozialer Umwelt sowie der Interaktion und &#8222;Beziehung&#8220; eigener &#8222;innerer Anteile&#8220; zueinander liegt. In Abgrenzung zur Psychoanalyse betonen Vertreter dieser Therapierichtung die Bedeutung impliziter Normen des Zusammenlebens f\u00fcr das Zustandekommen [&hellip;]<\/p>\n","protected":false},"author":1,"featured_media":0,"parent":0,"menu_order":0,"comment_status":"open","ping_status":"open","template":"","meta":[],"_links":{"self":[{"href":"http:\/\/www.carolinemarquetant.at\/systemischepsychotherapie\/index.php?rest_route=\/wp\/v2\/pages\/28"}],"collection":[{"href":"http:\/\/www.carolinemarquetant.at\/systemischepsychotherapie\/index.php?rest_route=\/wp\/v2\/pages"}],"about":[{"href":"http:\/\/www.carolinemarquetant.at\/systemischepsychotherapie\/index.php?rest_route=\/wp\/v2\/types\/page"}],"author":[{"embeddable":true,"href":"http:\/\/www.carolinemarquetant.at\/systemischepsychotherapie\/index.php?rest_route=\/wp\/v2\/users\/1"}],"replies":[{"embeddable":true,"href":"http:\/\/www.carolinemarquetant.at\/systemischepsychotherapie\/index.php?rest_route=%2Fwp%2Fv2%2Fcomments&post=28"}],"version-history":[{"count":11,"href":"http:\/\/www.carolinemarquetant.at\/systemischepsychotherapie\/index.php?rest_route=\/wp\/v2\/pages\/28\/revisions"}],"predecessor-version":[{"id":142,"href":"http:\/\/www.carolinemarquetant.at\/systemischepsychotherapie\/index.php?rest_route=\/wp\/v2\/pages\/28\/revisions\/142"}],"wp:attachment":[{"href":"http:\/\/www.carolinemarquetant.at\/systemischepsychotherapie\/index.php?rest_route=%2Fwp%2Fv2%2Fmedia&parent=28"}],"curies":[{"name":"wp","href":"https:\/\/api.w.org\/{rel}","templated":true}]}}